{"id":3,"date":"2019-01-08T16:40:57","date_gmt":"2019-01-08T16:40:57","guid":{"rendered":"https:\/\/temponiauditores.com.br\/?page_id=3"},"modified":"2023-03-02T12:04:13","modified_gmt":"2023-03-02T12:04:13","slug":"privacy-policy","status":"publish","type":"page","link":"https:\/\/temponiauditores.com.br\/en\/privacy-policy\/","title":{"rendered":"Pol\u00edtica de Privacidade"},"content":{"rendered":"<h2 class=\"wp-block-heading\">Informa\u00e7\u00f5es do Usu\u00e1rio<\/h2>\n\n\n\n<p>\u00a0\u00c9 importante coletarmos algumas informa\u00e7\u00f5es dos usu\u00e1rios de nossos servi\u00e7os para que possamos oferecer um melhor servi\u00e7o e mais direcionado \u00e0s suas prefer\u00eancias. Tamb\u00e9m precisamos inform\u00e1-los sobre novidades e informa\u00e7\u00f5es relevantes. Por isso, leia atentamente esta pol\u00edtica e nossos termos de uso.<\/p>\n\n\n\n<p>\u2013 Garantimos que quaisquer informa\u00e7\u00f5es pessoais dos usu\u00e1rios n\u00e3o ser\u00e3o fornecidas, publicadas ou comercializadas em quaisquer circunst\u00e2ncias. Estas informa\u00e7\u00f5es est\u00e3o seguras conosco. Exceto em casos de participa\u00e7\u00e3o do usu\u00e1rio em algum coment\u00e1rio ou postagem. Neste caso, o nome, email e depoimento poder\u00e3o ser publicados, conforme nossos termos de uso.<\/p>\n\n\n\n<h2 class=\"wp-block-heading\">Cadastro<\/h2>\n\n\n\n<p><p style=\"overflow-wrap: break-word; box-sizing: border-box; margin-bottom: 0px; color: rgb(110, 110, 110); font-family: Poppins, sans-serif; font-size: 14px; font-weight: 300; letter-spacing: -0.5px; text-transform: none; white-space: normal;\">\u2013 N\u00f3s nunca enviamos e-mails solicitando confirma\u00e7\u00e3o de dados\/cadastro ou com anexos execut\u00e1veis (extens\u00e3o exe, com, scr, bat) e links para download.<\/p><p style=\"overflow-wrap: break-word; box-sizing: border-box; margin-bottom: 0px; color: rgb(110, 110, 110); font-family: Poppins, sans-serif; font-size: 14px; font-weight: 300; letter-spacing: -0.5px; text-transform: none; white-space: normal;\">\u2013 Para usufruir dos benef\u00edcios adicionais do site e receber o email com informa\u00e7\u00f5es sobre nossos servi\u00e7os, voc\u00ea precisa se cadastrar em algum de nossos formul\u00e1rios de opt-in. Este cadastro \u00e9 armazenado em um banco de dados protegido e sigiloso.<\/p><span style=\"color: rgb(110, 110, 110); font-family: Poppins, sans-serif; font-size: 14px; letter-spacing: -0.5px; white-space: normal; background-color: var(--nv-site-bg);\">\u2013 Caso n\u00e3o queira receber mais nossos informativos, basta clicar no link de cancelamento que h\u00e1 no rodap\u00e9 de cada mensagem ou nos avisar atrav\u00e9s de e-mail. N\u00f3s nunca enviamos spams.<\/span><\/p>\n\n\n\n<h3 class=\"wp-block-heading\">Cookies<\/h3>\n\n\n\n<p>\u2013 Podemos utilizar a tecnologia de cookies para melhorar a experi\u00eancia do usu\u00e1rio. Isso auxilia na identifica\u00e7\u00e3o do seu IP, facilitando a navega\u00e7\u00e3o e customizando a navega\u00e7\u00e3o. Voc\u00ea pode bloquear qualquer uso de cookies diretamente no seu navegador.<\/p>\n\n\n\n<h3 class=\"wp-block-heading\">Compartilhamento de informa\u00e7\u00f5es<\/h3>\n\n\n\n<p>\u2013 Para fins de seguran\u00e7a, as informa\u00e7\u00f5es poder\u00e3o ser compartilhadas quando houver requerimento de autoridades judiciais ou governamentais competentes para fins de investiga\u00e7\u00f5es pessoais conduzidas por elas, mesmo que n\u00e3o exista uma ordem judicial, por exemplo (e sem limitar-se a) quando tratar-se de investiga\u00e7\u00e3o de car\u00e1ter penal ou a viola\u00e7\u00e3o de direitos do autor, ressalvadas as hip\u00f3teses de sigilo de informa\u00e7\u00f5es determinadas por leis em vigor, ou ainda, comunicar informa\u00e7\u00f5es quando haja motivos suficientes para considerar que a atividade de um usu\u00e1rio seja suspeita de tentar ou de cometer um delito ou tentar prejudicar outras pessoas.<\/p>\n\n\n\n<p>\u2013 Possu\u00edmos links de acesso para outros sites e que n\u00e3o est\u00e3o cobertos por esta pol\u00edtica. Assim, verifique a pol\u00edtica de privacidade desses sites, tendo em vista que suas informa\u00e7\u00f5es ser\u00e3o administradas de acordo com a pol\u00edtica de cada um deles e que podem diferenciar das nossas.<\/p>\n\n\n\n<h3 class=\"wp-block-heading\">D\u00favidas e corre\u00e7\u00e3o de dados<\/h3>\n\n\n\n<p>\u2013 Em caso de d\u00favidas o usu\u00e1rio poder\u00e1 entrar em contato pelo e-mail: contato@temponiauditores.com.br.<\/p>\n\n\n\n<p>\u2013 Reservamo-nos o direito de alterar a pol\u00edtica a qualquer momento.<\/p>\n\n\n\n<p>Temponi Auditores e Consultores <br>Av. Dr. Moacir Siqueira, 640 &#8211; Bosque dos Pinheiros, Juiz de Fora &#8211; MG &#8211; CEP: 36.062-010.<br><\/p>","protected":false},"excerpt":{"rendered":"<p>Informa\u00e7\u00f5es do Usu\u00e1rio \u00a0\u00c9 importante coletarmos algumas informa\u00e7\u00f5es dos usu\u00e1rios de nossos servi\u00e7os para que possamos oferecer um melhor servi\u00e7o e mais direcionado \u00e0s suas prefer\u00eancias. Tamb\u00e9m precisamos inform\u00e1-los sobre novidades e informa\u00e7\u00f5es relevantes. Por isso, leia atentamente esta pol\u00edtica e nossos termos de uso. \u2013 Garantimos que quaisquer informa\u00e7\u00f5es pessoais dos usu\u00e1rios n\u00e3o ser\u00e3o&hellip;&nbsp;<a href=\"https:\/\/temponiauditores.com.br\/en\/privacy-policy\/\" class=\"\" rel=\"bookmark\">Read More &raquo;<span class=\"screen-reader-text\">Pol\u00edtica de Privacidade<\/span><\/a><\/p>","protected":false},"author":3,"featured_media":0,"parent":0,"menu_order":0,"comment_status":"closed","ping_status":"open","template":"","meta":{"neve_meta_sidebar":"","neve_meta_container":"","neve_meta_enable_content_width":"","neve_meta_content_width":0,"neve_meta_title_alignment":"","neve_meta_author_avatar":"","neve_post_elements_order":"","neve_meta_disable_header":"","neve_meta_disable_footer":"","neve_meta_disable_title":"","footnotes":""},"class_list":["post-3","page","type-page","status-publish","hentry"],"wppr_data":{"cwp_meta_box_check":"No"},"_links":{"self":[{"href":"https:\/\/temponiauditores.com.br\/en\/wp-json\/wp\/v2\/pages\/3","targetHints":{"allow":["GET"]}}],"collection":[{"href":"https:\/\/temponiauditores.com.br\/en\/wp-json\/wp\/v2\/pages"}],"about":[{"href":"https:\/\/temponiauditores.com.br\/en\/wp-json\/wp\/v2\/types\/page"}],"author":[{"embeddable":true,"href":"https:\/\/temponiauditores.com.br\/en\/wp-json\/wp\/v2\/users\/3"}],"replies":[{"embeddable":true,"href":"https:\/\/temponiauditores.com.br\/en\/wp-json\/wp\/v2\/comments?post=3"}],"version-history":[{"count":1,"href":"https:\/\/temponiauditores.com.br\/en\/wp-json\/wp\/v2\/pages\/3\/revisions"}],"predecessor-version":[{"id":2473,"href":"https:\/\/temponiauditores.com.br\/en\/wp-json\/wp\/v2\/pages\/3\/revisions\/2473"}],"wp:attachment":[{"href":"https:\/\/temponiauditores.com.br\/en\/wp-json\/wp\/v2\/media?parent=3"}],"curies":[{"name":"wp","href":"https:\/\/api.w.org\/{rel}","templated":true}]}}