{"id":874,"date":"2020-09-01T14:17:24","date_gmt":"2020-09-01T14:17:24","guid":{"rendered":"https:\/\/temponiauditores.com.br\/?page_id=874"},"modified":"2023-02-25T17:11:21","modified_gmt":"2023-02-25T17:11:21","slug":"entrega-do-premio-sorteio-jf-da-sorte","status":"publish","type":"page","link":"https:\/\/temponiauditores.com.br\/en\/entrega-do-premio-sorteio-jf-da-sorte\/","title":{"rendered":"Entrega do Pr\u00eamio Sorteio JF da Sorte"},"content":{"rendered":"<p>Entrega do pr\u00eamio de R$5.000,00 com a equipe JF da Sorte com a presen\u00e7a do s\u00f3cio presidente da Temponi Auditores e Consultores, Pedro Augusto Temponi.<\/p>\n\n\n\n<figure class=\"wp-block-image size-neve-blog is-resized is-style-rounded\"><img fetchpriority=\"high\" decoding=\"async\" src=\"https:\/\/temponiauditores.com.br\/wp-content\/uploads\/2020\/09\/WhatsApp-Image-2020-08-31-at-15.43.49-768x620.jpeg\" alt=\"\" class=\"wp-image-872\" width=\"533\" height=\"430\"\/><\/figure>","protected":false},"excerpt":{"rendered":"<p>Entrega do pr\u00eamio de R$5.000,00 com a equipe JF da Sorte com a presen\u00e7a do s\u00f3cio presidente da Temponi Auditores e Consultores, Pedro Augusto Temponi.<\/p>","protected":false},"author":2,"featured_media":0,"parent":0,"menu_order":0,"comment_status":"closed","ping_status":"closed","template":"","meta":{"neve_meta_sidebar":"","neve_meta_container":"","neve_meta_enable_content_width":"","neve_meta_content_width":70,"neve_meta_title_alignment":"","neve_meta_author_avatar":"","neve_post_elements_order":"","neve_meta_disable_header":"","neve_meta_disable_footer":"","neve_meta_disable_title":"","footnotes":""},"class_list":["post-874","page","type-page","status-publish","hentry"],"wppr_data":{"cwp_meta_box_check":"Yes","_wppr_review_template":"default","cwp_rev_product_image":"","cwp_image_link":"image","wppr_links":[],"cwp_rev_price":"","wppr_pros":[""],"wppr_cons":[""],"wppr_rating":"0.00","wppr_options":[]},"_links":{"self":[{"href":"https:\/\/temponiauditores.com.br\/en\/wp-json\/wp\/v2\/pages\/874","targetHints":{"allow":["GET"]}}],"collection":[{"href":"https:\/\/temponiauditores.com.br\/en\/wp-json\/wp\/v2\/pages"}],"about":[{"href":"https:\/\/temponiauditores.com.br\/en\/wp-json\/wp\/v2\/types\/page"}],"author":[{"embeddable":true,"href":"https:\/\/temponiauditores.com.br\/en\/wp-json\/wp\/v2\/users\/2"}],"replies":[{"embeddable":true,"href":"https:\/\/temponiauditores.com.br\/en\/wp-json\/wp\/v2\/comments?post=874"}],"version-history":[{"count":4,"href":"https:\/\/temponiauditores.com.br\/en\/wp-json\/wp\/v2\/pages\/874\/revisions"}],"predecessor-version":[{"id":2458,"href":"https:\/\/temponiauditores.com.br\/en\/wp-json\/wp\/v2\/pages\/874\/revisions\/2458"}],"wp:attachment":[{"href":"https:\/\/temponiauditores.com.br\/en\/wp-json\/wp\/v2\/media?parent=874"}],"curies":[{"name":"wp","href":"https:\/\/api.w.org\/{rel}","templated":true}]}}